{"id":8027,"date":"2025-06-26T12:47:00","date_gmt":"2025-06-26T12:47:00","guid":{"rendered":"https:\/\/sanignacioguazu.gov.py\/?page_id=8027"},"modified":"2025-06-26T12:50:57","modified_gmt":"2025-06-26T12:50:57","slug":"sanignacio-reparaciones","status":"publish","type":"page","link":"https:\/\/sanignacioguazu.gov.py\/index.php\/sanignacio-reparaciones\/","title":{"rendered":"REPARACIONES VARIAS EN SAL\u00d3N MUNICIPAL"},"content":{"rendered":"<p>LPN 02\/2025&#8243; REPARACIONES VARIAS EN SAL\u00d3N MUNICIPAL &#8211; CONSTRUCCI\u00d3N DE QUINCHO PARA SAL\u00d3N MUNICIPAL &#8211; CONSTRUCCI\u00d3N DE ESTACIONAMIENTO EN LA SEDE DE LA JUNTA MUNICIPAL -PROCESO PLURIANUAL<\/p>\n<p>INFORMAMOS DESDE LA UOC QUE ESTA PUBLICADA EN LA P\u00c1GINA DE LA DIRECCI\u00d3N NACIONAL DE CONTRATACIONES P\u00daBLICA EL LLAMADO A LICITACI\u00d3N P\u00daBLICA NACIONAL 02\/2025 \u00bb REPARACIONES VARIAS EN SAL\u00d3N MUNICIPAL &#8211; CONSTRUCCI\u00d3N DE QUINCHO PARA SAL\u00d3N MUNICIPAL &#8211; CONSTRUCCI\u00d3N DE ESTACIONAMIENTO EN LA SEDE DE LA JUNTA MUNICIPAL &#8211; PROCESO PLURIANUAL<br \/>\nID DE LICITACI\u00d3N: 470949<\/p>\n<ul>\n<li><a href=\"https:\/\/sanignacioguazu.gov.py\/wp-content\/uploads\/2025\/06\/01-pliego-de-bases-y-condiciones-pbc.pdf\">Pliego de Bases y Condiciones<\/a><\/li>\n<li><a href=\"https:\/\/sanignacioguazu.gov.py\/wp-content\/uploads\/2025\/06\/03-formularios.doc\">Formularios<\/a><\/li>\n<\/ul>\n<p><a href=\"https:\/\/www.contrataciones.gov.py\/licitaciones\/convocatoria\/1f034ad9-19f8-6e58-9532-297c9e54858b.html\">https:\/\/www.contrataciones.gov.py\/licitaciones\/convocatoria\/1f034ad9-19f8-6e58-9532-297c9e54858b.html<\/a><\/p>\n","protected":false},"excerpt":{"rendered":"<p>LPN 02\/2025&#8243; REPARACIONES VARIAS EN SAL\u00d3N MUNICIPAL &#8211; CONSTRUCCI\u00d3N DE QUINCHO PARA SAL\u00d3N MUNICIPAL &#8211;&#8230;<\/p>\n","protected":false},"author":1,"featured_media":0,"parent":0,"menu_order":0,"comment_status":"closed","ping_status":"closed","template":"","meta":{"footnotes":""},"class_list":["post-8027","page","type-page","status-publish","hentry"],"_links":{"self":[{"href":"https:\/\/sanignacioguazu.gov.py\/index.php\/wp-json\/wp\/v2\/pages\/8027","targetHints":{"allow":["GET"]}}],"collection":[{"href":"https:\/\/sanignacioguazu.gov.py\/index.php\/wp-json\/wp\/v2\/pages"}],"about":[{"href":"https:\/\/sanignacioguazu.gov.py\/index.php\/wp-json\/wp\/v2\/types\/page"}],"author":[{"embeddable":true,"href":"https:\/\/sanignacioguazu.gov.py\/index.php\/wp-json\/wp\/v2\/users\/1"}],"replies":[{"embeddable":true,"href":"https:\/\/sanignacioguazu.gov.py\/index.php\/wp-json\/wp\/v2\/comments?post=8027"}],"version-history":[{"count":3,"href":"https:\/\/sanignacioguazu.gov.py\/index.php\/wp-json\/wp\/v2\/pages\/8027\/revisions"}],"predecessor-version":[{"id":8032,"href":"https:\/\/sanignacioguazu.gov.py\/index.php\/wp-json\/wp\/v2\/pages\/8027\/revisions\/8032"}],"wp:attachment":[{"href":"https:\/\/sanignacioguazu.gov.py\/index.php\/wp-json\/wp\/v2\/media?parent=8027"}],"curies":[{"name":"wp","href":"https:\/\/api.w.org\/{rel}","templated":true}]}}