{"id":64,"date":"2023-01-19T00:24:45","date_gmt":"2023-01-19T00:24:45","guid":{"rendered":"https:\/\/surconsult.com.py\/sanignacioguazu\/?page_id=64"},"modified":"2023-01-19T17:09:10","modified_gmt":"2023-01-19T17:09:10","slug":"visual-composer-64","status":"publish","type":"page","link":"https:\/\/sanignacioguazu.gov.py\/index.php\/atractivos-turisticos\/visual-composer-64\/","title":{"rendered":"Reloj Solar"},"content":{"rendered":"<p><!--vcv no format--><!-- vcwb\/dynamicElementComment:eadd4620 --><\/p>\n<div class=\"vce-row-container\" data-vce-boxed-width=\"true\">\n<div class=\"vce-row vce-row--col-gap-30 vce-row-equal-height vce-row-content--top\" id=\"el-eadd4620\" data-vce-do-apply=\"all el-eadd4620\">\n<div class=\"vce-row-content\" data-vce-element-content=\"true\"><!-- vcwb\/dynamicElementComment:c22cd171 --><\/p>\n<div class=\"vce-col vce-col--md-auto vce-col--xs-1 vce-col--xs-last vce-col--xs-first vce-col--sm-last vce-col--sm-first vce-col--md-last vce-col--lg-last vce-col--xl-last vce-col--md-first vce-col--lg-first vce-col--xl-first\" id=\"el-c22cd171\">\n<div class=\"vce-col-inner\" data-vce-do-apply=\"border margin background  el-c22cd171\">\n<div class=\"vce-col-content\" data-vce-element-content=\"true\" data-vce-do-apply=\"padding el-c22cd171\"><!-- vcwb\/dynamicElementComment:1c59166f --><!-- \/vcwb\/dynamicElementComment:1c59166f --><!-- vcwb\/dynamicElementComment:2d59a385 --><!-- \/vcwb\/dynamicElementComment:2d59a385 --><!-- vcwb\/dynamicElementComment:09bb8c0e --><!-- \/vcwb\/dynamicElementComment:09bb8c0e --><!-- vcwb\/dynamicElementComment:2d59a385 --><!-- \/vcwb\/dynamicElementComment:2d59a385 --><!-- vcwb\/dynamicElementComment:8b7b0a67 --><!-- \/vcwb\/dynamicElementComment:8b7b0a67 --><!-- vcwb\/dynamicElementComment:650c4d0e --><\/p>\n<div class=\"vce-simple-image-slider\" style=\"--backgroundPosition:center center; --pointerColor:#fff; --pointerColorHover:#fd9a00;\">\n<div class=\"vce-simple-image-slider-wrapper vce vce-simple-image-slider-shape--rounded\" id=\"el-650c4d0e\" data-vce-do-apply=\"all el-650c4d0e\">\n<div class=\"vce-simple-image-slider-helper vce-simple-image-slider-aspect-ratio--4-3\">\n<div class=\"vce-simple-image-slider-list\" data-slick-autoplay=\"on\" data-slick-autoplay-delay=\"5000\" data-slick-effect=\"slideIn\" data-slick-dots=\"on\" data-slick-arrows=\"off\">\n<div class=\"slick-list\">\n<div class=\"slick-track\">\n<div class=\"vce-simple-image-slider-item vc-slick-item\">\n<div style=\"background-image:url(|!|vcvUploadUrl|!|\/2023\/01\/Reloj-Solar.jpeg)\" class=\"vce-simple-image-slider-img vce-simple-image-slider-img--scale\"><img decoding=\"async\" class=\"\" src=\"|!|vcvUploadUrl|!|\/2023\/01\/Reloj-Solar.jpeg\" style=\"opacity:0\" alt=\"\"><\/div>\n<\/div>\n<div class=\"vce-simple-image-slider-item vc-slick-item\">\n<div style=\"background-image:url(|!|vcvUploadUrl|!|\/2023\/01\/img_1522482931-e1671838815330.jpg)\" class=\"vce-simple-image-slider-img vce-simple-image-slider-img--scale\"><img decoding=\"async\" class=\"\" src=\"|!|vcvUploadUrl|!|\/2023\/01\/img_1522482931-e1671838815330.jpg\" style=\"opacity:0\" alt=\"\"><\/div>\n<\/div>\n<\/div>\n<\/div>\n<\/div>\n<div class=\"vce-simple-image-slider-dots\"><\/div>\n<\/div>\n<\/div>\n<\/div>\n<p><!-- \/vcwb\/dynamicElementComment:650c4d0e --><!-- vcwb\/dynamicElementComment:1c59166f --><\/p>\n<div class=\"vce-text-block\">\n<div class=\"vce-text-block-wrapper vce\" id=\"el-1c59166f\" data-vce-do-apply=\"all el-1c59166f\">\n<div dir=\"auto\"><strong>El Reloj Solar \u2013 San Ignacio Misiones&nbsp;<\/strong>es un monumento en homenaje al guaran\u00ed irreductible. Tiene la imagen tallada en piedra de \u00d1esu mirando la salida del sol y Arapysandu mirando el ocaso. Uno era el bueno que recibi\u00f3 a los jesuitas y acepto ser reducido\u2026 y el otro el rebelde irreductible que muri\u00f3 defendiendo su cultura, asesino de San Roque.<\/div>\n<div dir=\"auto\">Los bloques de piedra tienen cada uno un significado. Uno con hojas al viento representa la libertad perdida y el otro con el reloj la atadura al tiempo impuesta a los guaran\u00edes por los Espa\u00f1oles.<\/div>\n<\/div>\n<\/div>\n<p><!-- \/vcwb\/dynamicElementComment:1c59166f --><!-- vcwb\/dynamicElementComment:2d59a385 --><\/p>\n<div class=\"vce-text-block\">\n<div class=\"vce-text-block-wrapper vce\" id=\"el-2d59a385\" data-vce-do-apply=\"all el-2d59a385\">\n<p style=\"text-align: center;\"><iframe style=\"border: 0;\" src=\"https:\/\/www.google.com\/maps\/embed?pb=!1m14!1m8!1m3!1d28471.745197641583!2d-57.032837!3d-26.872753!3m2!1i1024!2i768!4f13.1!3m3!1m2!1s0x0%3A0xb3f195fedd4e572!2sMonumento%20Reloj%20Solar%2C%20San%20Ignacio%2C%20Misiones!5e0!3m2!1ses-419!2spy!4v1674087830049!5m2!1ses-419!2spy\" width=\"600\" height=\"450\" allowfullscreen=\"allowfullscreen\"><\/iframe><\/p>\n<\/div>\n<\/div>\n<p><!-- \/vcwb\/dynamicElementComment:2d59a385 --><\/div>\n<\/div>\n<\/div>\n<p><!-- \/vcwb\/dynamicElementComment:c22cd171 --><\/div>\n<\/div>\n<\/div>\n<p><!-- \/vcwb\/dynamicElementComment:eadd4620 --><!--vcv no format--><\/p>\n","protected":false},"excerpt":{"rendered":"<p>El Reloj Solar \u2013 San Ignacio Misiones&nbsp;es un monumento en homenaje al guaran\u00ed irreductible. Tiene&#8230;<\/p>\n","protected":false},"author":1,"featured_media":0,"parent":150,"menu_order":0,"comment_status":"closed","ping_status":"closed","template":"","meta":{"footnotes":""},"class_list":["post-64","page","type-page","status-publish","hentry"],"_links":{"self":[{"href":"https:\/\/sanignacioguazu.gov.py\/index.php\/wp-json\/wp\/v2\/pages\/64","targetHints":{"allow":["GET"]}}],"collection":[{"href":"https:\/\/sanignacioguazu.gov.py\/index.php\/wp-json\/wp\/v2\/pages"}],"about":[{"href":"https:\/\/sanignacioguazu.gov.py\/index.php\/wp-json\/wp\/v2\/types\/page"}],"author":[{"embeddable":true,"href":"https:\/\/sanignacioguazu.gov.py\/index.php\/wp-json\/wp\/v2\/users\/1"}],"replies":[{"embeddable":true,"href":"https:\/\/sanignacioguazu.gov.py\/index.php\/wp-json\/wp\/v2\/comments?post=64"}],"version-history":[{"count":2,"href":"https:\/\/sanignacioguazu.gov.py\/index.php\/wp-json\/wp\/v2\/pages\/64\/revisions"}],"predecessor-version":[{"id":66,"href":"https:\/\/sanignacioguazu.gov.py\/index.php\/wp-json\/wp\/v2\/pages\/64\/revisions\/66"}],"up":[{"embeddable":true,"href":"https:\/\/sanignacioguazu.gov.py\/index.php\/wp-json\/wp\/v2\/pages\/150"}],"wp:attachment":[{"href":"https:\/\/sanignacioguazu.gov.py\/index.php\/wp-json\/wp\/v2\/media?parent=64"}],"curies":[{"name":"wp","href":"https:\/\/api.w.org\/{rel}","templated":true}]}}