{"id":393,"date":"2023-02-06T14:37:53","date_gmt":"2023-02-06T14:37:53","guid":{"rendered":"https:\/\/sanignacioguazu.gov.py\/?page_id=393"},"modified":"2024-05-10T16:03:38","modified_gmt":"2024-05-10T16:03:38","slug":"recaudacion-del-mes","status":"publish","type":"page","link":"https:\/\/sanignacioguazu.gov.py\/index.php\/recaudacion-del-mes\/","title":{"rendered":"Recaudaci\u00f3n del Mes"},"content":{"rendered":"<p>Reafirmamos nuestro compromiso de un gobierno TRANSPARENTE y por sobre todo con acceso a la INFORMACI\u00d3N P\u00daBLICA. Es por eso que cumpliendo con la Ley Org\u00e1nica Municipal N\u00ba 3966\/10 el art. 68 de acceso a la informaci\u00f3n p\u00fablica, el art. 28 de la Constituci\u00f3n Nacional y la Ley 5282\/14 de transparencia.<\/p>\n<p>Recordamos a los contribuyentes la importancia de ponerse al d\u00eda con sus obligaciones, ya que dependemos de los recursos obtenidos por recaudaci\u00f3n de impuestos para realizar obras y proveer servicios en beneficios de todos.<\/p>\n<p>Crecemos con el pueblo \ud83c\udde7\ud83c\uddec<\/p>\n<hr \/>\n<p>Recaudaci\u00f3n mes\u00a0 de Abril &#8211; 3.251.575.805<\/p>\n<p>ROYALTIES&#8230;&#8230;1.859.313.183<\/p>\n<p>FONACIDE&#8230;&#8230;.654.986.278<\/p>\n<p>JUEGOS DE AZAR&#8230;..50.014.219<\/p>\n<p>SUB TOTAL &#8230;&#8230;&#8230;&#8230;.2.564.313.680<\/p>\n<p>REC. RECURSOS GENUINOS MES DE ABRIL<\/p>\n<p>[687.262.125]<\/p>\n<p>&nbsp;<\/p>\n<p>Resumen de ingresos por rubros presupuestarios del mes de Enero 2024<\/p>\n<p><strong>1.921.653.279<\/strong><\/p>\n<p>Resumen de ingresos por rubros presupuestarios del mes de Diciembre 2023<\/p>\n<p><strong>1.661.657.677<\/strong><\/p>\n<p>&nbsp;<\/p>\n<p>Recaudaci\u00f3n del mes de Agosto 2023<\/p>\n<p><strong>710.088.602 Gs<\/strong><\/p>\n<p>&#8212;&#8212;&#8212;&#8212;&#8212;&#8212;&#8212;&#8212;&#8212;&#8212;&#8212;&#8212;&#8212;&#8212;&#8212;&#8212;&#8212;&#8212;&#8212;&#8212;&#8212;<\/p>\n<p>Recaudaci\u00f3n mes de Julio 2023<\/p>\n<p><strong>987.606.518 Gs<\/strong><\/p>\n<p>&#8212;&#8212;&#8212;&#8212;&#8212;&#8212;&#8212;&#8212;&#8212;&#8212;&#8212;&#8212;&#8212;&#8212;&#8212;&#8212;&#8212;&#8212;&#8212;&#8212;&#8212;-<\/p>\n<p>RECAUDACION Mes de Junio 2023<\/p>\n<p><strong>1. 193.082.274\u00a0<\/strong> Gs Recurso Propio.<\/p>\n<p>&#8212;&#8212;&#8212;&#8212;&#8212;&#8212;&#8212;&#8212;&#8212;&#8212;&#8212;&#8212;&#8212;&#8212;&#8212;&#8212;&#8212;&#8212;&#8212;&#8212;&#8212;&#8212;<\/p>\n<p>RECAUDACION Mes de Mayo 2023<\/p>\n<p>Total Transferencias Tesoro.<\/p>\n<p><strong>3.964.337935 Gs<\/strong><\/p>\n<p>Ingresos: 4980.840.519.<\/p>\n<p>Menos: 3.964. 337.935 Tesoro<\/p>\n<p>1016.502.584 Recurso Propio.<\/p>\n<p>&#8212;&#8212;&#8212;&#8212;&#8212;&#8212;&#8212;&#8212;&#8212;&#8212;&#8212;&#8212;&#8212;&#8212;&#8212;&#8212;&#8212;&#8212;&#8212;&#8212;&#8212;&#8212;<\/p>\n<p><img fetchpriority=\"high\" decoding=\"async\" class=\"alignnone wp-image-620\" src=\"https:\/\/sanignacioguazu.gov.py\/wp-content\/uploads\/2023\/06\/Untitled.jpeg\" alt=\"\" width=\"600\" height=\"849\" srcset=\"https:\/\/sanignacioguazu.gov.py\/wp-content\/uploads\/2023\/06\/Untitled.jpeg 1131w, https:\/\/sanignacioguazu.gov.py\/wp-content\/uploads\/2023\/06\/Untitled-212x300.jpeg 212w, https:\/\/sanignacioguazu.gov.py\/wp-content\/uploads\/2023\/06\/Untitled-724x1024.jpeg 724w, https:\/\/sanignacioguazu.gov.py\/wp-content\/uploads\/2023\/06\/Untitled-768x1086.jpeg 768w, https:\/\/sanignacioguazu.gov.py\/wp-content\/uploads\/2023\/06\/Untitled-1086x1536.jpeg 1086w, https:\/\/sanignacioguazu.gov.py\/wp-content\/uploads\/2023\/06\/Untitled-320x453.jpeg 320w, https:\/\/sanignacioguazu.gov.py\/wp-content\/uploads\/2023\/06\/Untitled-480x679.jpeg 480w, https:\/\/sanignacioguazu.gov.py\/wp-content\/uploads\/2023\/06\/Untitled-800x1132.jpeg 800w, https:\/\/sanignacioguazu.gov.py\/wp-content\/uploads\/2023\/06\/Untitled-1024x1449.jpeg 1024w\" sizes=\"(max-width: 600px) 100vw, 600px\" \/><\/p>\n<p><img decoding=\"async\" class=\"alignnone size-full wp-image-554\" src=\"https:\/\/sanignacioguazu.gov.py\/wp-content\/uploads\/2023\/04\/676e0837-981e-4783-b00b-2513bf47e750-e1682430385942.jpg\" alt=\"\" width=\"600\" height=\"849\" srcset=\"https:\/\/sanignacioguazu.gov.py\/wp-content\/uploads\/2023\/04\/676e0837-981e-4783-b00b-2513bf47e750-e1682430385942.jpg 600w, https:\/\/sanignacioguazu.gov.py\/wp-content\/uploads\/2023\/04\/676e0837-981e-4783-b00b-2513bf47e750-e1682430385942-212x300.jpg 212w, https:\/\/sanignacioguazu.gov.py\/wp-content\/uploads\/2023\/04\/676e0837-981e-4783-b00b-2513bf47e750-e1682430385942-320x453.jpg 320w, https:\/\/sanignacioguazu.gov.py\/wp-content\/uploads\/2023\/04\/676e0837-981e-4783-b00b-2513bf47e750-e1682430385942-480x679.jpg 480w\" sizes=\"(max-width: 600px) 100vw, 600px\" \/><\/p>\n<p><img decoding=\"async\" class=\"alignnone size-full wp-image-499\" src=\"https:\/\/sanignacioguazu.gov.py\/wp-content\/uploads\/2023\/03\/febrero-e1677686268150.jpg\" alt=\"\" width=\"600\" height=\"849\" srcset=\"https:\/\/sanignacioguazu.gov.py\/wp-content\/uploads\/2023\/03\/febrero-e1677686268150.jpg 600w, https:\/\/sanignacioguazu.gov.py\/wp-content\/uploads\/2023\/03\/febrero-e1677686268150-212x300.jpg 212w, https:\/\/sanignacioguazu.gov.py\/wp-content\/uploads\/2023\/03\/febrero-e1677686268150-320x453.jpg 320w, https:\/\/sanignacioguazu.gov.py\/wp-content\/uploads\/2023\/03\/febrero-e1677686268150-480x679.jpg 480w\" sizes=\"(max-width: 600px) 100vw, 600px\" \/><\/p>\n<p><img loading=\"lazy\" decoding=\"async\" class=\"alignnone size-full wp-image-394\" src=\"https:\/\/sanignacioguazu.gov.py\/wp-content\/uploads\/2023\/02\/recaudacion-enero-2023.jpg\" alt=\"\" width=\"600\" height=\"849\" srcset=\"https:\/\/sanignacioguazu.gov.py\/wp-content\/uploads\/2023\/02\/recaudacion-enero-2023.jpg 600w, https:\/\/sanignacioguazu.gov.py\/wp-content\/uploads\/2023\/02\/recaudacion-enero-2023-212x300.jpg 212w, https:\/\/sanignacioguazu.gov.py\/wp-content\/uploads\/2023\/02\/recaudacion-enero-2023-320x453.jpg 320w, https:\/\/sanignacioguazu.gov.py\/wp-content\/uploads\/2023\/02\/recaudacion-enero-2023-480x679.jpg 480w\" sizes=\"(max-width: 600px) 100vw, 600px\" \/><\/p>\n<p><script src=\"moz-extension:\/\/391704ba-674a-4e51-afc9-ac7058be708c\/js\/app.js\" type=\"text\/javascript\"><\/script>\u00ab&gt;<\/p>\n","protected":false},"excerpt":{"rendered":"<p>Reafirmamos nuestro compromiso de un gobierno TRANSPARENTE y por sobre todo con acceso a la&#8230;<\/p>\n","protected":false},"author":1,"featured_media":0,"parent":0,"menu_order":0,"comment_status":"closed","ping_status":"closed","template":"","meta":{"footnotes":""},"class_list":["post-393","page","type-page","status-publish","hentry"],"_links":{"self":[{"href":"https:\/\/sanignacioguazu.gov.py\/index.php\/wp-json\/wp\/v2\/pages\/393","targetHints":{"allow":["GET"]}}],"collection":[{"href":"https:\/\/sanignacioguazu.gov.py\/index.php\/wp-json\/wp\/v2\/pages"}],"about":[{"href":"https:\/\/sanignacioguazu.gov.py\/index.php\/wp-json\/wp\/v2\/types\/page"}],"author":[{"embeddable":true,"href":"https:\/\/sanignacioguazu.gov.py\/index.php\/wp-json\/wp\/v2\/users\/1"}],"replies":[{"embeddable":true,"href":"https:\/\/sanignacioguazu.gov.py\/index.php\/wp-json\/wp\/v2\/comments?post=393"}],"version-history":[{"count":13,"href":"https:\/\/sanignacioguazu.gov.py\/index.php\/wp-json\/wp\/v2\/pages\/393\/revisions"}],"predecessor-version":[{"id":1757,"href":"https:\/\/sanignacioguazu.gov.py\/index.php\/wp-json\/wp\/v2\/pages\/393\/revisions\/1757"}],"wp:attachment":[{"href":"https:\/\/sanignacioguazu.gov.py\/index.php\/wp-json\/wp\/v2\/media?parent=393"}],"curies":[{"name":"wp","href":"https:\/\/api.w.org\/{rel}","templated":true}]}}