{"id":37,"date":"2023-01-18T23:30:44","date_gmt":"2023-01-18T23:30:44","guid":{"rendered":"https:\/\/surconsult.com.py\/sanignacioguazu\/?page_id=37"},"modified":"2023-01-20T11:03:23","modified_gmt":"2023-01-20T11:03:23","slug":"visual-composer-37","status":"publish","type":"page","link":"https:\/\/sanignacioguazu.gov.py\/index.php\/sample-page\/visual-composer-37\/","title":{"rendered":"Intendencia"},"content":{"rendered":"<p><!--vcv no format--><!-- vcwb\/dynamicElementComment:c18b045c --><\/p>\n<div class=\"vce-row-container\" data-vce-boxed-width=\"true\">\n<div class=\"vce-row vce-row--col-gap-30 vce-row-equal-height vce-row-content--top\" id=\"el-c18b045c\" data-vce-do-apply=\"all el-c18b045c\">\n<div class=\"vce-row-content\" data-vce-element-content=\"true\"><!-- vcwb\/dynamicElementComment:51bbc899 --><\/p>\n<div class=\"vce-col vce-col--md-auto vce-col--xs-1 vce-col--xs-last vce-col--xs-first vce-col--sm-last vce-col--sm-first vce-col--md-last vce-col--lg-last vce-col--xl-last vce-col--md-first vce-col--lg-first vce-col--xl-first\" id=\"el-51bbc899\">\n<div class=\"vce-col-inner\" data-vce-do-apply=\"border margin background  el-51bbc899\">\n<div class=\"vce-col-content\" data-vce-element-content=\"true\" data-vce-do-apply=\"padding el-51bbc899\"><!-- vcwb\/dynamicElementComment:7ccec6b0 --><\/p>\n<div class=\"vce-text-block\">\n<div class=\"vce-text-block-wrapper vce\" id=\"el-7ccec6b0\" data-vce-do-apply=\"all el-7ccec6b0\">\n<h2>Cristina Ayala Blanco<\/h2>\n<p>Intendente<\/p>\n<p class=\"p1\"><strong><span class=\"s1\">Cristina Ayala Blanco&nbsp;<\/span><\/strong><span class=\"s1\">(<\/span><span class=\"s1\"><span class=\"s2\">San Ignacio Guaz\u00fa<\/span>,&nbsp;<span class=\"s2\">19 de abril<\/span>&nbsp;de&nbsp;<span class=\"s2\">1970<\/span>) es una&nbsp;<span class=\"s2\">pol\u00edtica&nbsp;<\/span><span class=\"s2\">paraguaya<\/span>&nbsp;que ejerce el cargo de&nbsp;<span class=\"s2\">intendente municipal de San Ignacio Guaz\u00fa<\/span>.<\/span><\/p>\n<p><\/p>\n<p class=\"p2\">Naci\u00f3 en la ciudad de&nbsp;<span class=\"s3\">San Ignacio Guaz\u00fa<\/span>, del departamento de&nbsp;<span class=\"s3\">Misiones<\/span>, Paraguay, el 19 de abril de 1972. Est\u00e1 casada con Dionisio Rojas, con qui\u00e9n tiene dos hijos, Alejandro y Richard. Es licenciada en Enfermer\u00eda por la&nbsp;<span class=\"s3\">Universidad Nacional de Asunci\u00f3n<\/span>&nbsp;(UNA).<\/p>\n<p><\/p>\n<p class=\"p2\">Est\u00e1 afiliada al&nbsp;<span class=\"s3\">Partido Colorado<\/span>. Se candidat\u00f3 para el cargo de intendente municipal de&nbsp;<span class=\"s3\">San Ignacio Guaz\u00fa<\/span>&nbsp;en las elecciones municipales del 2021 por el&nbsp;<span class=\"s3\">movimiento pol\u00edtico<\/span>&nbsp;Concordia Colorada,&nbsp;para el per\u00edodo 2021-2025, cargo que logr\u00f3 y que posteriormente asumi\u00f3 ese mismo a\u00f1o.<\/p>\n<p><\/div>\n<\/div>\n<p><!-- \/vcwb\/dynamicElementComment:7ccec6b0 --><!-- vcwb\/dynamicElementComment:89650892 --><\/p>\n<div class=\"vce-single-image-container vce-single-image--align-center\">\n<div class=\"vce vce-single-image-wrapper\" id=\"el-89650892\" data-vce-do-apply=\"all el-89650892\">\n<figure>\n<div class=\"vce-single-image-figure-inner\" style=\"width: 500px;\">\n<div class=\"vce-single-image-inner vce-single-image--absolute vce-image-filter--earlybird\" style=\"width: 100%; padding-bottom: 100%;\"><img fetchpriority=\"high\" decoding=\"async\" class=\"vce-single-image\"  width=\"500\" height=\"500\" srcset=\"|!|vcvUploadUrl|!|\/2023\/01\/PERFIL-CRISTINA-copia-1-1-320x320.png 320w, |!|vcvUploadUrl|!|\/2023\/01\/PERFIL-CRISTINA-copia-1-1-480x480.png 480w, |!|vcvUploadUrl|!|\/2023\/01\/PERFIL-CRISTINA-copia-1-1-800x500.png 800w, |!|vcvUploadUrl|!|\/2023\/01\/PERFIL-CRISTINA-copia-1-1-500x500.png 500w, |!|vcvUploadUrl|!|\/2023\/01\/PERFIL-CRISTINA-copia-1-1-1000x1000.png 2x\" src=\"|!|vcvUploadUrl|!|\/2023\/01\/PERFIL-CRISTINA-copia-1-1-500x500.png\" data-img-src=\"|!|vcvUploadUrl|!|\/2023\/01\/PERFIL-CRISTINA-copia-1-1.png\" data-attachment-id=\"38\"  alt=\"\" title=\"PERFIL-CRISTINA-copia-1-1\" \/><\/div>\n<\/div><figcaption hidden=\"\"><\/figcaption><\/figure>\n<\/div>\n<\/div>\n<p><!-- \/vcwb\/dynamicElementComment:89650892 --><\/div>\n<\/div>\n<\/div>\n<p><!-- \/vcwb\/dynamicElementComment:51bbc899 --><\/div>\n<\/div>\n<\/div>\n<p><!-- \/vcwb\/dynamicElementComment:c18b045c --><!--vcv no format--><\/p>\n","protected":false},"excerpt":{"rendered":"<p>Cristina Ayala Blanco Intendente Cristina Ayala Blanco&nbsp;(San Ignacio Guaz\u00fa,&nbsp;19 de abril&nbsp;de&nbsp;1970) es una&nbsp;pol\u00edtica&nbsp;paraguaya&nbsp;que ejerce el&#8230;<\/p>\n","protected":false},"author":1,"featured_media":0,"parent":2,"menu_order":0,"comment_status":"closed","ping_status":"closed","template":"","meta":{"footnotes":""},"class_list":["post-37","page","type-page","status-publish","hentry"],"_links":{"self":[{"href":"https:\/\/sanignacioguazu.gov.py\/index.php\/wp-json\/wp\/v2\/pages\/37","targetHints":{"allow":["GET"]}}],"collection":[{"href":"https:\/\/sanignacioguazu.gov.py\/index.php\/wp-json\/wp\/v2\/pages"}],"about":[{"href":"https:\/\/sanignacioguazu.gov.py\/index.php\/wp-json\/wp\/v2\/types\/page"}],"author":[{"embeddable":true,"href":"https:\/\/sanignacioguazu.gov.py\/index.php\/wp-json\/wp\/v2\/users\/1"}],"replies":[{"embeddable":true,"href":"https:\/\/sanignacioguazu.gov.py\/index.php\/wp-json\/wp\/v2\/comments?post=37"}],"version-history":[{"count":2,"href":"https:\/\/sanignacioguazu.gov.py\/index.php\/wp-json\/wp\/v2\/pages\/37\/revisions"}],"predecessor-version":[{"id":40,"href":"https:\/\/sanignacioguazu.gov.py\/index.php\/wp-json\/wp\/v2\/pages\/37\/revisions\/40"}],"up":[{"embeddable":true,"href":"https:\/\/sanignacioguazu.gov.py\/index.php\/wp-json\/wp\/v2\/pages\/2"}],"wp:attachment":[{"href":"https:\/\/sanignacioguazu.gov.py\/index.php\/wp-json\/wp\/v2\/media?parent=37"}],"curies":[{"name":"wp","href":"https:\/\/api.w.org\/{rel}","templated":true}]}}