{"id":352,"date":"2023-01-31T02:22:44","date_gmt":"2023-01-31T02:22:44","guid":{"rendered":"https:\/\/sanignacioguazu.gov.py\/?page_id=352"},"modified":"2023-01-31T02:22:46","modified_gmt":"2023-01-31T02:22:46","slug":"casa-de-los-indios","status":"publish","type":"page","link":"https:\/\/sanignacioguazu.gov.py\/index.php\/casa-de-los-indios\/","title":{"rendered":"Casa de los Indios"},"content":{"rendered":"\n<p>Solo recorrer su hermoso y verde jard\u00edn entrelazado por calzadas de adoquines y arcos de piedra producen una sensaci\u00f3n de tranquilidad instant\u00e1nea. Por algo es elegido como lugar de retiro espiritual por mucha gente. Qui\u00e9n mejor le puede guiar es Estela Cardozo, que lleva veinte a\u00f1os cuidando y explicando el museo a los viajeros con voz tranquila y extrema paciencia.<br>Aqu\u00ed se exhiben, en cuatro salas, 30 im\u00e1genes talladas en madera policromada que son notables representaciones del barroco hispano-guaran\u00ed. Los temas de las salas son: La Creaci\u00f3n, La Redenci\u00f3n, La Historia de Cristo en la Iglesia y La Compa\u00f1\u00eda de Jes\u00fas.<br>Es un deleite observar de cerca el detalle de las manos de las esculturas: se ven hasta las venas y los poros de la piel o el sutil movimiento de las t\u00fanicas. Adem\u00e1s es un museo vivo. Varias salas siguen ocupadas por estudiantes y j\u00f3venes aprendiendo las artes del tallado, la pintura y el canto alrededor de un maestro al igual que hace cinco siglos.<br>Derlis Cardozo, maestro de tallado en madera transmite a sus estudiantes el mismo conocimiento que ten\u00edan los guaran\u00edes en la \u00e9poca de las misiones. \u201cFormamos j\u00f3venes para que descubran a su artista interior y sean multiplicadores de la cultura y as\u00ed perdure\u201d, explica el profesor<\/p>\n\n\n\n<section class=\"elementor-section elementor-top-section elementor-element elementor-element-89ef53e elementor-section-boxed elementor-section-height-default elementor-section-height-default\" data-id=\"89ef53e\" data-element_type=\"section\">\n\t\t\t\t\t\t<div class=\"elementor-container elementor-column-gap-default\">\n\t\t\t\t\t<div class=\"elementor-column elementor-col-100 elementor-top-column elementor-element elementor-element-7fda5d4\" data-id=\"7fda5d4\" data-element_type=\"column\">\n\t\t\t<div class=\"elementor-widget-wrap elementor-element-populated\">\n\t\t\t\t\t\t\t\t<div class=\"elementor-element elementor-element-d362a3d elementor-widget elementor-widget-html\" data-id=\"d362a3d\" data-element_type=\"widget\" data-widget_type=\"html.default\">\n\t\t\t\t<div class=\"elementor-widget-container\">\n\t\t\t<iframe src=\"https:\/\/www.google.com\/maps\/embed?pb=!1m18!1m12!1m3!1d629.0482259307662!2d-57.02339792476216!3d-26.88971399737567!2m3!1f0!2f0!3f0!3m2!1i1024!2i768!4f13.1!3m3!1m2!1s0x945a24174a30368b%3A0x464eefd11ef1ab9!2sMuseo%20Diocesano%20de%20San%20Ignacio%20Guaz%C3%BA!5e0!3m2!1ses-419!2spy!4v1671821728549!5m2!1ses-419!2spy\" width=\"600\" height=\"450\" style=\"border:0;\" allowfullscreen=\"\" loading=\"lazy\" referrerpolicy=\"no-referrer-when-downgrade\"><\/iframe>\t\t<\/div>\n\t\t\t\t<\/div>\n\t\t\t\t\t<\/div>\n\t\t<\/div>\n\t\t\t\t\t\t\t<\/div>\n\t\t<\/section>\n","protected":false},"excerpt":{"rendered":"<p>Solo recorrer su hermoso y verde jard\u00edn entrelazado por calzadas de adoquines y arcos de&#8230;<\/p>\n","protected":false},"author":1,"featured_media":0,"parent":0,"menu_order":0,"comment_status":"closed","ping_status":"closed","template":"","meta":{"footnotes":""},"class_list":["post-352","page","type-page","status-publish","hentry"],"_links":{"self":[{"href":"https:\/\/sanignacioguazu.gov.py\/index.php\/wp-json\/wp\/v2\/pages\/352","targetHints":{"allow":["GET"]}}],"collection":[{"href":"https:\/\/sanignacioguazu.gov.py\/index.php\/wp-json\/wp\/v2\/pages"}],"about":[{"href":"https:\/\/sanignacioguazu.gov.py\/index.php\/wp-json\/wp\/v2\/types\/page"}],"author":[{"embeddable":true,"href":"https:\/\/sanignacioguazu.gov.py\/index.php\/wp-json\/wp\/v2\/users\/1"}],"replies":[{"embeddable":true,"href":"https:\/\/sanignacioguazu.gov.py\/index.php\/wp-json\/wp\/v2\/comments?post=352"}],"version-history":[{"count":1,"href":"https:\/\/sanignacioguazu.gov.py\/index.php\/wp-json\/wp\/v2\/pages\/352\/revisions"}],"predecessor-version":[{"id":353,"href":"https:\/\/sanignacioguazu.gov.py\/index.php\/wp-json\/wp\/v2\/pages\/352\/revisions\/353"}],"wp:attachment":[{"href":"https:\/\/sanignacioguazu.gov.py\/index.php\/wp-json\/wp\/v2\/media?parent=352"}],"curies":[{"name":"wp","href":"https:\/\/api.w.org\/{rel}","templated":true}]}}