{"id":348,"date":"2023-01-31T02:18:40","date_gmt":"2023-01-31T02:18:40","guid":{"rendered":"https:\/\/sanignacioguazu.gov.py\/?page_id=348"},"modified":"2023-01-31T02:18:42","modified_gmt":"2023-01-31T02:18:42","slug":"museo-diocesano","status":"publish","type":"page","link":"https:\/\/sanignacioguazu.gov.py\/index.php\/museo-diocesano\/","title":{"rendered":"Museo Diocesano"},"content":{"rendered":"\n<figure class=\"wp-block-image size-full\"><img fetchpriority=\"high\" decoding=\"async\" width=\"680\" height=\"510\" src=\"https:\/\/sanignacioguazu.gov.py\/wp-content\/uploads\/2023\/01\/image.png\" alt=\"\" class=\"wp-image-349\" srcset=\"https:\/\/sanignacioguazu.gov.py\/wp-content\/uploads\/2023\/01\/image.png 680w, https:\/\/sanignacioguazu.gov.py\/wp-content\/uploads\/2023\/01\/image-300x225.png 300w, https:\/\/sanignacioguazu.gov.py\/wp-content\/uploads\/2023\/01\/image-320x240.png 320w, https:\/\/sanignacioguazu.gov.py\/wp-content\/uploads\/2023\/01\/image-480x360.png 480w\" sizes=\"(max-width: 680px) 100vw, 680px\" \/><\/figure>\n\n\n\n<p>El Museo est\u00e1 localizado en el antiguo colegio ind\u00edgena de la \u00e9poca jesu\u00edtica. Los objetos en exhibici\u00f3n son esculturas realizadas en madera policromada talladas por los guaran\u00edes en el siglo XVII, distribuidas en 4 salas diferentes.<\/p>\n\n\n\n<p><strong>Sala N\u00ba 1: Sala de la Creaci\u00f3n<\/strong><br>San Miguel Arc\u00e1ngel de 1, 38 mts, parte del retablo de la antigua Iglesia, P\u00falpito de 3 mts. aprox.<\/p>\n\n\n\n<p><strong>Sala N\u00ba 2: Sala del Misterio Pascual<\/strong><\/p>\n\n\n\n<p>Solo recorrer su hermoso y verde jard\u00edn entrelazado por calzadas de adoquines y arcos de piedra producen una sensaci\u00f3n de tranquilidad instant\u00e1nea. Por algo es elegido como lugar de retiro espiritual por mucha gente. Qui\u00e9n mejor le puede guiar es Estela Cardozo, que lleva veinte a\u00f1os cuidando y explicando el museo a los viajeros con voz tranquila y extrema paciencia.<br>Aqu\u00ed se exhiben, en cuatro salas, 30 im\u00e1genes talladas en madera policromada que son notables representaciones del barroco hispano-guaran\u00ed. Los temas de las salas son: La Creaci\u00f3n, La Redenci\u00f3n, La Historia de Cristo en la Iglesia y La Compa\u00f1\u00eda de Jes\u00fas.<br>Es un deleite observar de cerca el detalle de las manos de las esculturas: se ven hasta las venas y los poros de la piel o el sutil movimiento de las t\u00fanicas. Adem\u00e1s es un museo vivo. Varias salas siguen ocupadas por estudiantes y j\u00f3venes aprendiendo las artes del tallado, la pintura y el canto alrededor de un maestro al igual que hace cinco siglos.<br>Derlis Cardozo, maestro de tallado en madera transmite a sus estudiantes el mismo conocimiento que ten\u00edan los guaran\u00edes en la \u00e9poca de las misiones. \u201cFormamos j\u00f3venes para que descubran a su artista interior y sean multiplicadores de la cultura y as\u00ed perdure\u201d, explica el profesor<\/p>\n\n\n\n<section class=\"elementor-section elementor-top-section elementor-element elementor-element-464c689 elementor-section-boxed elementor-section-height-default elementor-section-height-default\" data-id=\"464c689\" data-element_type=\"section\">\n\t\t\t\t\t\t<div class=\"elementor-container elementor-column-gap-default\">\n\t\t\t\t\t<div class=\"elementor-column elementor-col-100 elementor-top-column elementor-element elementor-element-96af8eb\" data-id=\"96af8eb\" data-element_type=\"column\">\n\t\t\t<div class=\"elementor-widget-wrap elementor-element-populated\">\n\t\t\t\t\t\t\t\t<div class=\"elementor-element elementor-element-f0a1527 elementor-widget elementor-widget-html\" data-id=\"f0a1527\" data-element_type=\"widget\" data-widget_type=\"html.default\">\n\t\t\t\t<div class=\"elementor-widget-container\">\n\t\t\t<iframe src=\"https:\/\/www.google.com\/maps\/embed?pb=!1m14!1m8!1m3!1d14233.620832752918!2d-57.0238847!3d-26.8906323!3m2!1i1024!2i768!4f13.1!3m3!1m2!1s0x0%3A0x464eefd11ef1ab9!2sMuseo%20Diocesano%20de%20San%20Ignacio%20Guaz%C3%BA!5e0!3m2!1ses-419!2spy!4v1671820729411!5m2!1ses-419!2spy\" width=\"600\" height=\"450\" style=\"border:0;\" allowfullscreen=\"\" loading=\"lazy\" referrerpolicy=\"no-referrer-when-downgrade\"><\/iframe>\t\t<\/div>\n\t\t\t\t<\/div>\n\t\t\t\t\t<\/div>\n\t\t<\/div>\n\t\t\t\t\t\t\t<\/div>\n\t\t<\/section>\n","protected":false},"excerpt":{"rendered":"<p>El Museo est\u00e1 localizado en el antiguo colegio ind\u00edgena de la \u00e9poca jesu\u00edtica. Los objetos&#8230;<\/p>\n","protected":false},"author":1,"featured_media":0,"parent":0,"menu_order":0,"comment_status":"closed","ping_status":"closed","template":"","meta":{"footnotes":""},"class_list":["post-348","page","type-page","status-publish","hentry"],"_links":{"self":[{"href":"https:\/\/sanignacioguazu.gov.py\/index.php\/wp-json\/wp\/v2\/pages\/348","targetHints":{"allow":["GET"]}}],"collection":[{"href":"https:\/\/sanignacioguazu.gov.py\/index.php\/wp-json\/wp\/v2\/pages"}],"about":[{"href":"https:\/\/sanignacioguazu.gov.py\/index.php\/wp-json\/wp\/v2\/types\/page"}],"author":[{"embeddable":true,"href":"https:\/\/sanignacioguazu.gov.py\/index.php\/wp-json\/wp\/v2\/users\/1"}],"replies":[{"embeddable":true,"href":"https:\/\/sanignacioguazu.gov.py\/index.php\/wp-json\/wp\/v2\/comments?post=348"}],"version-history":[{"count":1,"href":"https:\/\/sanignacioguazu.gov.py\/index.php\/wp-json\/wp\/v2\/pages\/348\/revisions"}],"predecessor-version":[{"id":350,"href":"https:\/\/sanignacioguazu.gov.py\/index.php\/wp-json\/wp\/v2\/pages\/348\/revisions\/350"}],"wp:attachment":[{"href":"https:\/\/sanignacioguazu.gov.py\/index.php\/wp-json\/wp\/v2\/media?parent=348"}],"curies":[{"name":"wp","href":"https:\/\/api.w.org\/{rel}","templated":true}]}}