{"id":341,"date":"2023-01-31T02:06:49","date_gmt":"2023-01-31T02:06:49","guid":{"rendered":"https:\/\/sanignacioguazu.gov.py\/?page_id=341"},"modified":"2023-01-31T02:10:15","modified_gmt":"2023-01-31T02:10:15","slug":"iglesia-san-ignacio-de-loyola","status":"publish","type":"page","link":"https:\/\/sanignacioguazu.gov.py\/index.php\/iglesia-san-ignacio-de-loyola\/","title":{"rendered":"Iglesia San Ignacio de Loyola"},"content":{"rendered":"\n<figure class=\"wp-block-image alignleft size-full\"><img fetchpriority=\"high\" decoding=\"async\" width=\"400\" height=\"450\" src=\"https:\/\/sanignacioguazu.gov.py\/wp-content\/uploads\/2023\/01\/1-13-768x576-1-400x450-2.jpg\" alt=\"\" class=\"wp-image-342\" srcset=\"https:\/\/sanignacioguazu.gov.py\/wp-content\/uploads\/2023\/01\/1-13-768x576-1-400x450-2.jpg 400w, https:\/\/sanignacioguazu.gov.py\/wp-content\/uploads\/2023\/01\/1-13-768x576-1-400x450-2-267x300.jpg 267w, https:\/\/sanignacioguazu.gov.py\/wp-content\/uploads\/2023\/01\/1-13-768x576-1-400x450-2-320x360.jpg 320w\" sizes=\"(max-width: 400px) 100vw, 400px\" \/><\/figure>\n\n\n\n<p>Luego de la&nbsp; destrucci\u00f3n del antiguo templo, se intent\u00f3 reparar el hilo de la historia con la construcci\u00f3n de un nuevo templo, que l\u00f3gicamente no tuvo la misma brillantes que el antiguo de origen guaran\u00ed jesu\u00edtico.<\/p>\n\n\n\n<p>Se destaca el aporte de toda la feligres\u00eda ignaciana a fin de la reconstrucci\u00f3n&nbsp; del nuevo templo. El entusiasmo del pueblo hizo que los ganaderos de la zona aportaran m\u00e1s dinero para la compra de materiales y as\u00ed en medio de un regocijo generalizado de toda la poblaci\u00f3n, se lleg\u00f3 hasta el techo a inicios de 1932.<\/p>\n\n\n\n<p>Agrega que el maderamen fue un aporte voluntario de aserraderos de la Compa\u00f1\u00eda San Antonio. \u201cLos alrededores de la construcci\u00f3n se llenaron de profundos pozos, por extraerse de los mismos el barro para asentar los ladrillos. Los carreteros aportaban la arena para la elaboraci\u00f3n de la mezcla.<\/p>\n\n\n\n<p>En plena Guerra del Chaco&nbsp; se produce la vuelta de los jesuitas en San Ignacio. Los califica de pioneros de la recuperaci\u00f3n de la fe cat\u00f3lica del pueblo. Y los cita: Padre Joaqu\u00edn Vericat (ilustre), Justo Beriguintais y los hermanos Angel Bozal y Trentini. Con ellos se dio nuevo impulso para la terminaci\u00f3n del templo. Se instal\u00f3 una baldoser\u00eda para la construcci\u00f3n del piso, en el maderamen y el techado<\/p>\n\n\n\n<p>San Ignacio fue un jesuita espa\u00f1ol declarado Santo por la iglesia cat\u00f3lica en 1622, canonizado por Clemente XV. Su primera dedicaci\u00f3n fueron las armas, pero tras resultar gravemente herido en la defensa de Pamplona contra los franceses, cambi\u00f3 por completo de orientaci\u00f3n. La lectura de libros piadosos durante su convalecencia le motiv\u00f3 a consagrarse a la religi\u00f3n.<\/p>\n\n\n\n<p>Se retir\u00f3 inicialmente a hacer penitencia y oraci\u00f3n en Montserrat y Manresa, donde empez\u00f3 a elaborar el m\u00e9todo asc\u00e9tico de los&nbsp;Ejercicios espirituales. El&nbsp;15 de agosto de 1534&nbsp;junto con sus compa\u00f1eros juran en Montmartre&nbsp;\u00abservir a nuestro Se\u00f1or, dejando todas las cosas del mundo\u00bb y nace la Sociedad de Jes\u00fas, llamada posteriormente &nbsp;la Compa\u00f1\u00eda de Jes\u00fas. Fue elegido Superior general&nbsp;de su orden religiosa. Envi\u00f3 a sus compa\u00f1eros como misioneros por Europa para crear escuelas, universidades y seminarios&nbsp;donde estudiar\u00edan los futuros miembros de la orden. Muere el 31 de julio de 1556, debido a una enfermedad en la sede de los Jesuitas en Roma.<\/p>\n\n\n\n<p><strong>Padre David Hern\u00e1ndez<\/strong><\/p>\n\n\n\n<p><strong>Tel\u00e9fono<\/strong>: 0782-232223 \/ 233113<\/p>\n\n\n\n<p><strong>Contacto M\u00f3vil:<\/strong>&nbsp; 0983 271 166<\/p>\n\n\n\n<p><strong>Direcci\u00f3n:<\/strong>&nbsp;Barrio San Jos\u00e9 \u2013&nbsp;Avda. Cerro Cora e\/ San Roque Gonz\u00e1lez.<\/p>\n\n\n\n<p><strong>Ciudad<\/strong>: San Ignacio Guaz\u00fa<\/p>\n\n\n\n<p><strong>Departamento:<\/strong>&nbsp;Misiones<\/p>\n\n\n\n<p><\/p>\n\n\n\n<div class=\"elementor-element elementor-element-769b23d elementor-widget elementor-widget-html\" data-id=\"769b23d\" data-element_type=\"widget\" data-widget_type=\"html.default\">\n\t\t\t\t<div class=\"elementor-widget-container\">\n\t\t\t<iframe src=\"https:\/\/www.google.com\/maps\/embed?pb=!1m14!1m8!1m3!1d14233.766779286923!2d-57.0236647!3d-26.8894738!3m2!1i1024!2i768!4f13.1!3m3!1m2!1s0x0%3A0x45139685af476f65!2sIglesia%20San%20Ignacio%20de%20Loyola%2C%20Av.%20San%20Roque%20Gonzalez%20de%20Sta.%20Cruz%2C%20San%20Ignacio!5e0!3m2!1ses-419!2spy!4v1671820247891!5m2!1ses-419!2spy\" width=\"600\" height=\"450\" style=\"border:0;\" allowfullscreen=\"\" loading=\"lazy\" referrerpolicy=\"no-referrer-when-downgrade\"><\/iframe>\t\t<\/div>\n\t\t\t\t<\/div>\n\n\n\n<p><a href=\"..\/atractivo-turistico-2\/index.html\"><\/a><\/p>\n","protected":false},"excerpt":{"rendered":"<p>Luego de la&nbsp; destrucci\u00f3n del antiguo templo, se intent\u00f3 reparar el hilo de la historia&#8230;<\/p>\n","protected":false},"author":1,"featured_media":0,"parent":0,"menu_order":0,"comment_status":"closed","ping_status":"closed","template":"","meta":{"footnotes":""},"class_list":["post-341","page","type-page","status-publish","hentry"],"_links":{"self":[{"href":"https:\/\/sanignacioguazu.gov.py\/index.php\/wp-json\/wp\/v2\/pages\/341","targetHints":{"allow":["GET"]}}],"collection":[{"href":"https:\/\/sanignacioguazu.gov.py\/index.php\/wp-json\/wp\/v2\/pages"}],"about":[{"href":"https:\/\/sanignacioguazu.gov.py\/index.php\/wp-json\/wp\/v2\/types\/page"}],"author":[{"embeddable":true,"href":"https:\/\/sanignacioguazu.gov.py\/index.php\/wp-json\/wp\/v2\/users\/1"}],"replies":[{"embeddable":true,"href":"https:\/\/sanignacioguazu.gov.py\/index.php\/wp-json\/wp\/v2\/comments?post=341"}],"version-history":[{"count":2,"href":"https:\/\/sanignacioguazu.gov.py\/index.php\/wp-json\/wp\/v2\/pages\/341\/revisions"}],"predecessor-version":[{"id":345,"href":"https:\/\/sanignacioguazu.gov.py\/index.php\/wp-json\/wp\/v2\/pages\/341\/revisions\/345"}],"wp:attachment":[{"href":"https:\/\/sanignacioguazu.gov.py\/index.php\/wp-json\/wp\/v2\/media?parent=341"}],"curies":[{"name":"wp","href":"https:\/\/api.w.org\/{rel}","templated":true}]}}