{"id":22,"date":"2023-01-18T23:08:52","date_gmt":"2023-01-18T23:08:52","guid":{"rendered":"https:\/\/surconsult.com.py\/sanignacioguazu\/?page_id=22"},"modified":"2023-01-19T17:08:55","modified_gmt":"2023-01-19T17:08:55","slug":"la-ciudad","status":"publish","type":"page","link":"https:\/\/sanignacioguazu.gov.py\/index.php\/atractivos-turisticos\/la-ciudad\/","title":{"rendered":"La Ciudad"},"content":{"rendered":"<p><!--vcv no format--><!-- vcwb\/dynamicElementComment:ff055a16 --><!-- \/vcwb\/dynamicElementComment:ff055a16 --><!-- vcwb\/dynamicElementComment:110d9479 --><!-- \/vcwb\/dynamicElementComment:110d9479 --><!-- vcwb\/dynamicElementComment:acfc08cb --><!-- \/vcwb\/dynamicElementComment:acfc08cb --><!-- vcwb\/dynamicElementComment:7dbb085c --><\/p>\n<div class=\"vce-row-container\" data-vce-boxed-width=\"true\">\n<div class=\"vce-row vce-row--col-gap-30 vce-row-equal-height vce-row-content--top\" id=\"el-7dbb085c\" data-vce-do-apply=\"all el-7dbb085c\">\n<div class=\"vce-row-content\" data-vce-element-content=\"true\"><!-- vcwb\/dynamicElementComment:f70c73bb --><\/p>\n<div class=\"vce-col vce-col--md-auto vce-col--xs-1 vce-col--xs-last vce-col--xs-first vce-col--sm-last vce-col--sm-first vce-col--md-last vce-col--lg-last vce-col--xl-last vce-col--md-first vce-col--lg-first vce-col--xl-first\" id=\"el-f70c73bb\">\n<div class=\"vce-col-inner\" data-vce-do-apply=\"border margin background  el-f70c73bb\">\n<div class=\"vce-col-content\" data-vce-element-content=\"true\" data-vce-do-apply=\"padding el-f70c73bb\"><!-- vcwb\/dynamicElementComment:5f22d558 --><\/p>\n<div class=\"vce-text-block\">\n<div class=\"vce-text-block-wrapper vce\" id=\"el-5f22d558\" data-vce-do-apply=\"all el-5f22d558\">\n<h2>Datos generales.<\/h2>\n<p>Se encuentra ubicada al sur de la Rep\u00fablica del Paraguay, en el coraz\u00f3n mismo del departamento de Misiones a 224 Km de Asunci\u00f3n. Posee una superficie de 2020 Km2. El distrito cuenta con aproximadamente 25.280 habitantes, de los cuales 15.000 residen en el \u00e1rea urbana y 10.280 en el \u00e1rea rural. Debido a su privilegiada situaci\u00f3n geogr\u00e1fica, desde su fundaci\u00f3n se constituy\u00f3 en una poblaci\u00f3n gravitante de las antiguas reducciones jesu\u00edticas, enmarcadas por su posici\u00f3n con tierra f\u00e9rtil, praderas exuberantes cruzadas por numerosos arroyos que le proporciona un clima agradable como un factor estimulante para el esp\u00edritu de los visitantes. Caracterizado siempre por ser un pujante centro comercial que cuenta con servicios de telefon\u00eda, internet, bancos, financieras, casas de cambio, supermercados, hoteles, restaurantes, estaciones de servicios, farmacias, hospitales, transportes nacionales e internacionales entre otros.<\/p>\n<\/div>\n<\/div>\n<p><!-- \/vcwb\/dynamicElementComment:5f22d558 --><\/div>\n<\/div>\n<\/div>\n<p><!-- \/vcwb\/dynamicElementComment:f70c73bb --><\/div>\n<\/div>\n<\/div>\n<p><!-- \/vcwb\/dynamicElementComment:7dbb085c --><!-- vcwb\/dynamicElementComment:d1cc0201 --><\/p>\n<div class=\"vce-row-container\" data-vce-boxed-width=\"true\">\n<div class=\"vce-row vce-row--col-gap-30 vce-row-equal-height vce-row-content--top\" id=\"el-d1cc0201\" data-vce-do-apply=\"all el-d1cc0201\">\n<div class=\"vce-row-content\" data-vce-element-content=\"true\"><!-- vcwb\/dynamicElementComment:479fcbd7 --><\/p>\n<div class=\"vce-col vce-col--md-auto vce-col--xs-1 vce-col--xs-last vce-col--xs-first vce-col--sm-last vce-col--sm-first vce-col--md-first vce-col--lg-first vce-col--xl-first\" id=\"el-479fcbd7\">\n<div class=\"vce-col-inner\" data-vce-do-apply=\"border margin background  el-479fcbd7\">\n<div class=\"vce-col-content\" data-vce-element-content=\"true\" data-vce-do-apply=\"padding el-479fcbd7\"><!-- vcwb\/dynamicElementComment:f31fced0 --><\/p>\n<div class=\"vce-text-block\">\n<div class=\"vce-text-block-wrapper vce\" id=\"el-f31fced0\" data-vce-do-apply=\"all el-f31fced0\">\n<h4 class=\"section-title\">Origen de la ciudad<\/h4>\n<p>A mediados del a\u00f1o 1609, el cacique Arapysandu con otros caciques se presentaron ante el Gobernador Hernandarias a solicitar sacerdotes para la regi\u00f3n del Paran\u00e1 donde estos resid\u00edan, este se lo solicit\u00f3 al obispo y como no hab\u00eda cl\u00e9rigos disponibles se convers\u00f3 con el padre Torres de la Compa\u00f1\u00eda de Jes\u00fas y este nombr\u00f3 a Marcial de Lorenzana y Francisco de San Mart\u00edn para esta empresa. As\u00ed el 16 de diciembre de 1609 jesuitas y caciques guaran\u00edes salieron de Asunci\u00f3n para dirigirse al sur, se sabe que llegaron por Yaguar\u00f3n donde el presb\u00edtero Fernando de la Cueva se sum\u00f3 a la expedici\u00f3n, con unos guaran\u00edes que ya eran cristianos y dirigi\u00e9ndose al sur cruzaron el r\u00edo Tebicuary, llegaron al lugar de asentamiento de Arapysandu, al que se sumaron nueve caciques de aldeas vecinas, es entonces que se celebra la primera misa que se toma como punto de fundaci\u00f3n de esta Reducci\u00f3n.<\/p>\n<\/div>\n<\/div>\n<p><!-- \/vcwb\/dynamicElementComment:f31fced0 --><\/div>\n<\/div>\n<\/div>\n<p><!-- \/vcwb\/dynamicElementComment:479fcbd7 --><!-- vcwb\/dynamicElementComment:da7f0c9e --><\/p>\n<div class=\"vce-col vce-col--md-auto vce-col--xs-1 vce-col--xs-last vce-col--xs-first vce-col--sm-last vce-col--sm-first vce-col--md-last vce-col--lg-last vce-col--xl-last\" id=\"el-da7f0c9e\">\n<div class=\"vce-col-inner\" data-vce-do-apply=\"border margin background  el-da7f0c9e\">\n<div class=\"vce-col-content\" data-vce-element-content=\"true\" data-vce-do-apply=\"padding el-da7f0c9e\"><!-- vcwb\/dynamicElementComment:377b2689 --><!-- \/vcwb\/dynamicElementComment:377b2689 --><!-- vcwb\/dynamicElementComment:666b9f56 --><\/p>\n<div class=\"vce-simple-image-slider\" style=\"--pointerColor:#fff; --pointerColorHover:#fd9a00; --backgroundPosition:center center;\">\n<div class=\"vce-simple-image-slider-wrapper vce\" id=\"el-666b9f56\" data-vce-do-apply=\"all el-666b9f56\">\n<div class=\"vce-simple-image-slider-helper vce-simple-image-slider-aspect-ratio--3-4\">\n<div class=\"vce-simple-image-slider-list\" data-slick-autoplay=\"on\" data-slick-autoplay-delay=\"5000\" data-slick-effect=\"slideIn\" data-slick-dots=\"on\" data-slick-arrows=\"off\">\n<div class=\"slick-list\">\n<div class=\"slick-track\">\n<div class=\"vce-simple-image-slider-item vc-slick-item\">\n<div style=\"background-image:url(|!|vcvUploadUrl|!|\/2023\/01\/10824877_00902596_6357B5A776061_B.jpg)\" class=\"vce-simple-image-slider-img vce-simple-image-slider-img--scale vce-image-filter--amaro\"><img decoding=\"async\" class=\"\" src=\"|!|vcvUploadUrl|!|\/2023\/01\/10824877_00902596_6357B5A776061_B.jpg\" style=\"opacity:0\" alt=\"\"><\/div>\n<\/div>\n<div class=\"vce-simple-image-slider-item vc-slick-item\">\n<div style=\"background-image:url(|!|vcvUploadUrl|!|\/2023\/01\/Municipalidad_de_San_Ignacio_Guazu_Misiones_Paraguay.jpg)\" class=\"vce-simple-image-slider-img vce-simple-image-slider-img--scale vce-image-filter--amaro\"><img decoding=\"async\" class=\"\" src=\"|!|vcvUploadUrl|!|\/2023\/01\/Municipalidad_de_San_Ignacio_Guazu_Misiones_Paraguay.jpg\" style=\"opacity:0\" alt=\"\"><\/div>\n<\/div>\n<div class=\"vce-simple-image-slider-item vc-slick-item\">\n<div style=\"background-image:url(|!|vcvUploadUrl|!|\/2023\/01\/img_1522482931-e1671838815330.jpg)\" class=\"vce-simple-image-slider-img vce-simple-image-slider-img--scale vce-image-filter--amaro\"><img decoding=\"async\" class=\"\" src=\"|!|vcvUploadUrl|!|\/2023\/01\/img_1522482931-e1671838815330.jpg\" style=\"opacity:0\" alt=\"\"><\/div>\n<\/div>\n<div class=\"vce-simple-image-slider-item vc-slick-item\">\n<div style=\"background-image:url(|!|vcvUploadUrl|!|\/2023\/01\/6916693338_73d9af6a12_b.jpg)\" class=\"vce-simple-image-slider-img vce-simple-image-slider-img--scale vce-image-filter--amaro\"><img decoding=\"async\" class=\"\" src=\"|!|vcvUploadUrl|!|\/2023\/01\/6916693338_73d9af6a12_b.jpg\" style=\"opacity:0\" alt=\"\"><\/div>\n<\/div>\n<div class=\"vce-simple-image-slider-item vc-slick-item\">\n<div style=\"background-image:url(|!|vcvUploadUrl|!|\/2023\/01\/tanarandy.jpg)\" class=\"vce-simple-image-slider-img vce-simple-image-slider-img--scale vce-image-filter--amaro\"><img decoding=\"async\" class=\"\" src=\"|!|vcvUploadUrl|!|\/2023\/01\/tanarandy.jpg\" style=\"opacity:0\" alt=\"\"><\/div>\n<\/div>\n<\/div>\n<\/div>\n<\/div>\n<div class=\"vce-simple-image-slider-dots\"><\/div>\n<\/div>\n<\/div>\n<\/div>\n<p><!-- \/vcwb\/dynamicElementComment:666b9f56 --><\/div>\n<\/div>\n<\/div>\n<p><!-- \/vcwb\/dynamicElementComment:da7f0c9e --><\/div>\n<\/div>\n<\/div>\n<p><!-- \/vcwb\/dynamicElementComment:d1cc0201 --><!-- vcwb\/dynamicElementComment:e2e4b280 --><\/p>\n<div class=\"vce-row-container\" data-vce-boxed-width=\"true\">\n<div class=\"vce-row vce-row--col-gap-30 vce-row-equal-height vce-row-content--top\" id=\"el-e2e4b280\" data-vce-do-apply=\"all el-e2e4b280\">\n<div class=\"vce-row-content\" data-vce-element-content=\"true\"><!-- vcwb\/dynamicElementComment:51917659 --><\/p>\n<div class=\"vce-col vce-col--md-auto vce-col--xs-1 vce-col--xs-last vce-col--xs-first vce-col--sm-last vce-col--sm-first vce-col--md-last vce-col--lg-last vce-col--xl-last vce-col--md-first vce-col--lg-first vce-col--xl-first\" id=\"el-51917659\">\n<div class=\"vce-col-inner\" data-vce-do-apply=\"border margin background  el-51917659\">\n<div class=\"vce-col-content\" data-vce-element-content=\"true\" data-vce-do-apply=\"padding el-51917659\"><!-- vcwb\/dynamicElementComment:37a93af7 --><\/p>\n<div class=\"vce-text-block\">\n<div class=\"vce-text-block-wrapper vce\" id=\"el-37a93af7\" data-vce-do-apply=\"all el-37a93af7\">\n<p>Es considerada \u00abCapital del Barroco Hispano-Guaran\u00ed\u00bb, por las incontables obras de arte que se encuentran en la ciudad. Tambi\u00e9n se conservan piezas de la Iglesia de San Ignacio. Fue cuna de los artistas pl\u00e1sticos Feliciano Centuri\u00f3n, y Koki Ruiz. San Ignacio cuenta con de lugares hist\u00f3ricos tales como el Museos que guardan colecciones de objetos de la Guerra del Chaco y la Guerra de la Triple Alianza. Adem\u00e1s esta tierra es conocida por las celebraciones religiosas que tiene lugar durante la Semana Santa; Cuadros vivientes, estaciones de v\u00eda crucis los cuales tienen lugar en Ta\u00f1arandy, un lugar que durante esas fechas alberga a gran cantidad de turistas de todo el mundo.<\/p>\n<\/div>\n<\/div>\n<p><!-- \/vcwb\/dynamicElementComment:37a93af7 --><\/div>\n<\/div>\n<\/div>\n<p><!-- \/vcwb\/dynamicElementComment:51917659 --><\/div>\n<\/div>\n<\/div>\n<p><!-- \/vcwb\/dynamicElementComment:e2e4b280 --><!--vcv no format--><\/p>\n","protected":false},"excerpt":{"rendered":"<p>Datos generales. Se encuentra ubicada al sur de la Rep\u00fablica del Paraguay, en el coraz\u00f3n&#8230;<\/p>\n","protected":false},"author":1,"featured_media":0,"parent":150,"menu_order":0,"comment_status":"closed","ping_status":"closed","template":"","meta":{"footnotes":""},"class_list":["post-22","page","type-page","status-publish","hentry"],"_links":{"self":[{"href":"https:\/\/sanignacioguazu.gov.py\/index.php\/wp-json\/wp\/v2\/pages\/22","targetHints":{"allow":["GET"]}}],"collection":[{"href":"https:\/\/sanignacioguazu.gov.py\/index.php\/wp-json\/wp\/v2\/pages"}],"about":[{"href":"https:\/\/sanignacioguazu.gov.py\/index.php\/wp-json\/wp\/v2\/types\/page"}],"author":[{"embeddable":true,"href":"https:\/\/sanignacioguazu.gov.py\/index.php\/wp-json\/wp\/v2\/users\/1"}],"replies":[{"embeddable":true,"href":"https:\/\/sanignacioguazu.gov.py\/index.php\/wp-json\/wp\/v2\/comments?post=22"}],"version-history":[{"count":2,"href":"https:\/\/sanignacioguazu.gov.py\/index.php\/wp-json\/wp\/v2\/pages\/22\/revisions"}],"predecessor-version":[{"id":29,"href":"https:\/\/sanignacioguazu.gov.py\/index.php\/wp-json\/wp\/v2\/pages\/22\/revisions\/29"}],"up":[{"embeddable":true,"href":"https:\/\/sanignacioguazu.gov.py\/index.php\/wp-json\/wp\/v2\/pages\/150"}],"wp:attachment":[{"href":"https:\/\/sanignacioguazu.gov.py\/index.php\/wp-json\/wp\/v2\/media?parent=22"}],"curies":[{"name":"wp","href":"https:\/\/api.w.org\/{rel}","templated":true}]}}