{"id":150,"date":"2023-01-19T11:27:37","date_gmt":"2023-01-19T11:27:37","guid":{"rendered":"https:\/\/surconsult.com.py\/sanignacioguazu\/?page_id=150"},"modified":"2023-01-19T11:27:37","modified_gmt":"2023-01-19T11:27:37","slug":"atractivos-turisticos","status":"publish","type":"page","link":"https:\/\/sanignacioguazu.gov.py\/index.php\/atractivos-turisticos\/","title":{"rendered":"Atractivos Turisticos"},"content":{"rendered":"<h4><strong><img decoding=\"async\" class=\" wp-image-9547 alignleft\" src=\"https:\/\/sanignacioguazu.gov.py\/v2\/wp-content\/uploads\/2019\/08\/Antiguas-misiones-Jesuiticas-Guarani-300x154.jpg\" sizes=\"(max-width: 158px) 100vw, 158px\" srcset=\"https:\/\/sanignacioguazu.gov.py\/wp-content\/uploads\/2019\/08\/Antiguas-misiones-Jesuiticas-Guarani-300x154.jpg 300w, https:\/\/sanignacioguazu.gov.py\/wp-content\/uploads\/2019\/08\/Antiguas-misiones-Jesuiticas-Guarani.jpg 550w\" alt=\"\" width=\"158\" height=\"81\" \/>Antiguas misiones Jesu\u00edticas Guaran\u00ed<\/strong><\/h4>\n<p>La Iglesia posee un retablo jesu\u00edtico original completo, se destacan las im\u00e1genes de la Virgen de la Cabeza, la Piedad y el Jes\u00fas Resucitado, y las estatuas de San Luis Gonzaga y de San Ignacio.<\/p>\n<h4><strong>Capilla de Ta\u00f1arandy<img decoding=\"async\" class=\" wp-image-9546 alignright\" src=\"https:\/\/sanignacioguazu.gov.py\/v2\/wp-content\/uploads\/2019\/08\/Capilla-de-TaNHarandy-300x169.jpg\" sizes=\"(max-width: 264px) 100vw, 264px\" srcset=\"https:\/\/sanignacioguazu.gov.py\/wp-content\/uploads\/2019\/08\/Capilla-de-TaNHarandy-300x169.jpg 300w, https:\/\/sanignacioguazu.gov.py\/wp-content\/uploads\/2019\/08\/Capilla-de-TaNHarandy-768x433.jpg 768w, https:\/\/sanignacioguazu.gov.py\/wp-content\/uploads\/2019\/08\/Capilla-de-TaNHarandy-1024x577.jpg 1024w, https:\/\/sanignacioguazu.gov.py\/wp-content\/uploads\/2019\/08\/Capilla-de-TaNHarandy.jpg 1192w\" alt=\"\" width=\"264\" height=\"149\" \/><\/strong><\/h4>\n<p>La Capilla de Ta\u00f1arandy est\u00e1 ubicada a 3 Kms de La Barraca de Koki Ruiz, que es el lugar donde se realiza el cierre de la procesi\u00f3n del Viernes Santo. En la Capilla se encuentra la Dolorosa que es la Virgen que ser\u00e1 llevada en andas por los feligreses a trav\u00e9s del Yv\u00e1gara Rap\u00e9 iluminado con candiles hasta su encuentro con el Cristo Mutilado en La Barraca. En este lugar los Estacioneros cantar\u00e1n sus estrofas y canciones m\u00e1s lastimeras, una evocaci\u00f3n coral al llanto que emociona pues sale de lo m\u00e1s profundo de sus corazones.<\/p>\n<p>Dentro y fuera de la Capilla puede observar sus paredes y techo pintados con figuras y formas por artistas de la comunidad de San Ignacio Guaz\u00fa y Ta\u00f1arandy, convirti\u00e9ndose en un deleite para los ojos. Frescos, puertas falsas, pilares, lo hacen de un espect\u00e1culo visual que tiene reminiscencias al interior de las Iglesias que fueron pintadas por los guaran\u00edes en \u00e9pocas de franciscanos como la de Yaguar\u00f3n, Capiat\u00e1, Valenzuela, Tobat\u00ed y otros.<\/p>\n<h4><strong><img decoding=\"async\" class=\" wp-image-9548 alignleft\" src=\"https:\/\/sanignacioguazu.gov.py\/v2\/wp-content\/uploads\/2019\/08\/Museo-semblanza-550x275-300x150.gif\" sizes=\"(max-width: 200px) 100vw, 200px\" srcset=\"https:\/\/sanignacioguazu.gov.py\/wp-content\/uploads\/2019\/08\/Museo-semblanza-550x275-300x150.gif 300w, https:\/\/sanignacioguazu.gov.py\/wp-content\/uploads\/2019\/08\/Museo-semblanza-550x275-365x180.gif 365w\" alt=\"\" width=\"200\" height=\"100\" \/>Museo Hist\u00f3rico Semblanza de H\u00e9roes<\/strong><\/h4>\n<p>Museo hist\u00f3rico Semblanza de H\u00e9roes, ubicada en una de las aceras de Casa de Indios re\u00fane algunos objetos de la guerra contra la Triple Alianza y sobretodo de la guerra del Chaco. Este museo nos muestra el valor y entrega de los misioneros en la defensa de la patria.<\/p>\n<h4><strong>Ta\u00f1arandy en Semana Santa<img loading=\"lazy\" decoding=\"async\" class=\" wp-image-9551 alignright\" src=\"https:\/\/sanignacioguazu.gov.py\/v2\/wp-content\/uploads\/2019\/08\/tanharandy-300x225.jpg\" sizes=\"(max-width: 163px) 100vw, 163px\" srcset=\"https:\/\/sanignacioguazu.gov.py\/wp-content\/uploads\/2019\/08\/tanharandy-300x225.jpg 300w, https:\/\/sanignacioguazu.gov.py\/wp-content\/uploads\/2019\/08\/tanharandy.jpg 550w\" alt=\"\" width=\"163\" height=\"122\" \/><\/strong><\/h4>\n<p>Cada viernes Santo en la semana religiosa, o santa, una cita hecha tradici\u00f3n, a trav\u00e9s de una procesi\u00f3n de las luces que recorre 3 km, que son hechas por los devotos y entusiastas pobladores de esta peque\u00f1a localidad formando un camino de velas que gu\u00eda la solemne procesi\u00f3n religiosa.<\/p>\n<h4><img loading=\"lazy\" decoding=\"async\" class=\"wp-image-9549 alignleft\" src=\"https:\/\/sanignacioguazu.gov.py\/v2\/wp-content\/uploads\/2019\/08\/museo-diocesano-300x150.jpg\" sizes=\"(max-width: 248px) 100vw, 248px\" srcset=\"https:\/\/sanignacioguazu.gov.py\/wp-content\/uploads\/2019\/08\/museo-diocesano-300x150.jpg 300w, https:\/\/sanignacioguazu.gov.py\/wp-content\/uploads\/2019\/08\/museo-diocesano.jpg 500w\" alt=\"\" width=\"248\" height=\"124\" \/><strong>Museo Diocesano<\/strong><\/h4>\n<p>Organizado en cuatro salas: La Creaci\u00f3n, La Redenci\u00f3n, La Historia de Cristo en la Iglesia y la Historia de la Compa\u00f1\u00eda de Jes\u00fas. Entre otros objetos de valor cultural, se encuentran im\u00e1genes talladas en maderas policromadas, mapas de la primera Misi\u00f3n Jesu\u00edtica Guaran\u00ed del Paraguay, fotograf\u00edas de la Iglesia original y una carta escrita por el Rey Felipe IV en 1635.<\/p>\n","protected":false},"excerpt":{"rendered":"<p>Antiguas misiones Jesu\u00edticas Guaran\u00ed La Iglesia posee un retablo jesu\u00edtico original completo, se destacan las&#8230;<\/p>\n","protected":false},"author":1,"featured_media":0,"parent":0,"menu_order":0,"comment_status":"closed","ping_status":"closed","template":"","meta":{"footnotes":""},"class_list":["post-150","page","type-page","status-publish","hentry"],"_links":{"self":[{"href":"https:\/\/sanignacioguazu.gov.py\/index.php\/wp-json\/wp\/v2\/pages\/150","targetHints":{"allow":["GET"]}}],"collection":[{"href":"https:\/\/sanignacioguazu.gov.py\/index.php\/wp-json\/wp\/v2\/pages"}],"about":[{"href":"https:\/\/sanignacioguazu.gov.py\/index.php\/wp-json\/wp\/v2\/types\/page"}],"author":[{"embeddable":true,"href":"https:\/\/sanignacioguazu.gov.py\/index.php\/wp-json\/wp\/v2\/users\/1"}],"replies":[{"embeddable":true,"href":"https:\/\/sanignacioguazu.gov.py\/index.php\/wp-json\/wp\/v2\/comments?post=150"}],"version-history":[{"count":2,"href":"https:\/\/sanignacioguazu.gov.py\/index.php\/wp-json\/wp\/v2\/pages\/150\/revisions"}],"predecessor-version":[{"id":337,"href":"https:\/\/sanignacioguazu.gov.py\/index.php\/wp-json\/wp\/v2\/pages\/150\/revisions\/337"}],"wp:attachment":[{"href":"https:\/\/sanignacioguazu.gov.py\/index.php\/wp-json\/wp\/v2\/media?parent=150"}],"curies":[{"name":"wp","href":"https:\/\/api.w.org\/{rel}","templated":true}]}}